{"id":15,"date":"2022-02-24T07:10:53","date_gmt":"2022-02-24T10:10:53","guid":{"rendered":"https:\/\/hakmeseguros.com.br\/?page_id=15"},"modified":"2022-02-24T07:25:18","modified_gmt":"2022-02-24T10:25:18","slug":"empresa","status":"publish","type":"page","link":"https:\/\/hakmeseguros.com.br\/?page_id=15","title":{"rendered":"A Corretora"},"content":{"rendered":"\n<p>Esta corretora tem seu inicio de atividades em 2007, trabalhando como preposto \u00e0\u00a0<strong>Lawseg Corretora Seguros<\/strong>, que conta com mais de 30 anos de experi\u00eancia no mercado de seguros.<\/p>\n\n\n\n<p>O Objetivo desta parceria foi\u00a0levar aos nossos clientes o mesmo padr\u00e3o de atendimento e respeito, proporcionando sempre comodidade e a efic\u00e1cia de nossos servi\u00e7os.<\/p>\n\n\n\n<p>Atuamos em <strong>todos os ramos de seguros<\/strong>, trabalhando com as <strong>melhores Seguradoras<\/strong> do mercado. Nosso compromisso \u00e9 oferecer sempre o melhor servi\u00e7o em corretagem de seguros.<\/p>\n\n\n\n<p>Sempre que precisar, entre em contato teremos o maior prazer em atende-lo<\/p>\n\n\n\n<p><\/p>\n\n\n\n<p class=\"has-text-align-right\" style=\"font-size:22px\"><strong><em>&#8220;Seguro&#8230; S\u00f3 com corretor de seguros&#8221;<\/em><\/strong><\/p>\n","protected":false},"excerpt":{"rendered":"<p>Esta corretora tem seu inicio de atividades em 2007, trabalhando como preposto \u00e0\u00a0Lawseg Corretora Seguros, que conta com mais de 30 anos de experi\u00eancia no mercado de seguros. O Objetivo desta parceria foi\u00a0levar aos nossos clientes o mesmo padr\u00e3o de atendimento e respeito, proporcionando sempre comodidade e a efic\u00e1cia de nossos servi\u00e7os. Atuamos em todos os ramos de seguros, trabalhando [&hellip;]<\/p>\n","protected":false},"author":1,"featured_media":0,"parent":0,"menu_order":0,"comment_status":"closed","ping_status":"closed","template":"","meta":{"footnotes":""},"class_list":["post-15","page","type-page","status-publish","hentry"],"_links":{"self":[{"href":"https:\/\/hakmeseguros.com.br\/index.php?rest_route=\/wp\/v2\/pages\/15","targetHints":{"allow":["GET"]}}],"collection":[{"href":"https:\/\/hakmeseguros.com.br\/index.php?rest_route=\/wp\/v2\/pages"}],"about":[{"href":"https:\/\/hakmeseguros.com.br\/index.php?rest_route=\/wp\/v2\/types\/page"}],"author":[{"embeddable":true,"href":"https:\/\/hakmeseguros.com.br\/index.php?rest_route=\/wp\/v2\/users\/1"}],"replies":[{"embeddable":true,"href":"https:\/\/hakmeseguros.com.br\/index.php?rest_route=%2Fwp%2Fv2%2Fcomments&post=15"}],"version-history":[{"count":2,"href":"https:\/\/hakmeseguros.com.br\/index.php?rest_route=\/wp\/v2\/pages\/15\/revisions"}],"predecessor-version":[{"id":30,"href":"https:\/\/hakmeseguros.com.br\/index.php?rest_route=\/wp\/v2\/pages\/15\/revisions\/30"}],"wp:attachment":[{"href":"https:\/\/hakmeseguros.com.br\/index.php?rest_route=%2Fwp%2Fv2%2Fmedia&parent=15"}],"curies":[{"name":"wp","href":"https:\/\/api.w.org\/{rel}","templated":true}]}}