{"id":17,"date":"2022-02-24T07:10:53","date_gmt":"2022-02-24T10:10:53","guid":{"rendered":"https:\/\/hakmeseguros.com.br\/?page_id=17"},"modified":"2022-02-24T07:58:59","modified_gmt":"2022-02-24T10:58:59","slug":"produtos","status":"publish","type":"page","link":"https:\/\/hakmeseguros.com.br\/?page_id=17","title":{"rendered":"Produtos"},"content":{"rendered":"\n<p>Seguros para <strong>Pessoa F\u00edsica<\/strong> e <strong>Pessoa Jur\u00eddica<\/strong>..<\/p>\n\n\n\n<p>Temos o seguro certo para voc\u00ea&#8230;<\/p>\n\n\n\n<ul class=\"wp-block-list\"><li>Seguro&nbsp;Autom\u00f3vel (Carro, moto, caminh\u00e3o, ve\u00edculos el\u00e9tricos, etc&#8230;)<\/li><li>Seguro&nbsp;Residencial<\/li><li>Seguro de Condom\u00ednio<\/li><li>Seguro de Transportes<\/li><li>Seguro Empresarial<\/li><li>Seguro de Vida (Empresarial e Individual)<\/li><li>Outros&nbsp;(Entre em contato)<\/li><\/ul>\n\n\n\n<p class=\"has-text-align-right\" style=\"font-size:20px\"><em>Ligue e <strong>pe\u00e7a J\u00c1<\/strong> sua cota\u00e7\u00e3o&#8230;.<\/em>\u00a0<\/p>\n","protected":false},"excerpt":{"rendered":"<p>Seguros para Pessoa F\u00edsica e Pessoa Jur\u00eddica.. Temos o seguro certo para voc\u00ea&#8230; Seguro&nbsp;Autom\u00f3vel (Carro, moto, caminh\u00e3o, ve\u00edculos el\u00e9tricos, etc&#8230;) Seguro&nbsp;Residencial Seguro de Condom\u00ednio Seguro de Transportes Seguro Empresarial Seguro de Vida (Empresarial e Individual) Outros&nbsp;(Entre em contato) Ligue e pe\u00e7a J\u00c1 sua cota\u00e7\u00e3o&#8230;.\u00a0<\/p>\n","protected":false},"author":1,"featured_media":0,"parent":0,"menu_order":0,"comment_status":"closed","ping_status":"closed","template":"","meta":{"footnotes":""},"class_list":["post-17","page","type-page","status-publish","hentry"],"_links":{"self":[{"href":"https:\/\/hakmeseguros.com.br\/index.php?rest_route=\/wp\/v2\/pages\/17","targetHints":{"allow":["GET"]}}],"collection":[{"href":"https:\/\/hakmeseguros.com.br\/index.php?rest_route=\/wp\/v2\/pages"}],"about":[{"href":"https:\/\/hakmeseguros.com.br\/index.php?rest_route=\/wp\/v2\/types\/page"}],"author":[{"embeddable":true,"href":"https:\/\/hakmeseguros.com.br\/index.php?rest_route=\/wp\/v2\/users\/1"}],"replies":[{"embeddable":true,"href":"https:\/\/hakmeseguros.com.br\/index.php?rest_route=%2Fwp%2Fv2%2Fcomments&post=17"}],"version-history":[{"count":5,"href":"https:\/\/hakmeseguros.com.br\/index.php?rest_route=\/wp\/v2\/pages\/17\/revisions"}],"predecessor-version":[{"id":38,"href":"https:\/\/hakmeseguros.com.br\/index.php?rest_route=\/wp\/v2\/pages\/17\/revisions\/38"}],"wp:attachment":[{"href":"https:\/\/hakmeseguros.com.br\/index.php?rest_route=%2Fwp%2Fv2%2Fmedia&parent=17"}],"curies":[{"name":"wp","href":"https:\/\/api.w.org\/{rel}","templated":true}]}}