{"id":19,"date":"2022-02-24T07:10:54","date_gmt":"2022-02-24T10:10:54","guid":{"rendered":"https:\/\/hakmeseguros.com.br\/?page_id=19"},"modified":"2022-02-24T08:19:02","modified_gmt":"2022-02-24T11:19:02","slug":"contato","status":"publish","type":"page","link":"https:\/\/hakmeseguros.com.br\/?page_id=19","title":{"rendered":"Contato"},"content":{"rendered":"\n<p><\/p>\n\n\n\n<p style=\"font-size:20px\">Telefones: <mark style=\"background-color:rgba(0, 0, 0, 0)\" class=\"has-inline-color has-blue-color\"><a href=\"tel:+5519991149355\" data-type=\"tel\" data-id=\"tel:+5519991149355\">+55 19 99114-9355<\/a> \/ <a rel=\"noreferrer noopener\" href=\"http:\/\/wa.me\/5519981474728\" data-type=\"URL\" data-id=\"http:\/\/wa.me\/5519981474728\" target=\"_blank\">+55 19 98147-4728<\/a><\/mark> <em><mark style=\"background-color:rgba(0, 0, 0, 0)\" class=\"has-inline-color has-green-color\">(Clique &#8211; Whatsapp)<\/mark><\/em><\/p>\n\n\n\n<p style=\"font-size:20px\">E-mail:\u00a0<a rel=\"noreferrer noopener\" href=\"mailto:contato@hakmeseguros.com.br\" target=\"_blank\"><mark style=\"background-color:rgba(0, 0, 0, 0)\" class=\"has-inline-color has-blue-color\">contato@hakmeseguros.com.br<\/mark><\/a><\/p>\n\n\n\n<p style=\"font-size:20px\">Abaixo, voc\u00ea pode enviar uma mensagem para n\u00f3s! Mande uma sugest\u00e3o, cr\u00edtica, d\u00favida, etc ..<\/p>\n","protected":false},"excerpt":{"rendered":"<p>Telefones: +55 19 99114-9355 \/ +55 19 98147-4728 (Clique &#8211; Whatsapp) E-mail:\u00a0contato@hakmeseguros.com.br Abaixo, voc\u00ea pode enviar uma mensagem para n\u00f3s! Mande uma sugest\u00e3o, cr\u00edtica, d\u00favida, etc ..<\/p>\n","protected":false},"author":1,"featured_media":0,"parent":0,"menu_order":0,"comment_status":"open","ping_status":"closed","template":"","meta":{"footnotes":""},"class_list":["post-19","page","type-page","status-publish","hentry"],"_links":{"self":[{"href":"https:\/\/hakmeseguros.com.br\/index.php?rest_route=\/wp\/v2\/pages\/19","targetHints":{"allow":["GET"]}}],"collection":[{"href":"https:\/\/hakmeseguros.com.br\/index.php?rest_route=\/wp\/v2\/pages"}],"about":[{"href":"https:\/\/hakmeseguros.com.br\/index.php?rest_route=\/wp\/v2\/types\/page"}],"author":[{"embeddable":true,"href":"https:\/\/hakmeseguros.com.br\/index.php?rest_route=\/wp\/v2\/users\/1"}],"replies":[{"embeddable":true,"href":"https:\/\/hakmeseguros.com.br\/index.php?rest_route=%2Fwp%2Fv2%2Fcomments&post=19"}],"version-history":[{"count":5,"href":"https:\/\/hakmeseguros.com.br\/index.php?rest_route=\/wp\/v2\/pages\/19\/revisions"}],"predecessor-version":[{"id":42,"href":"https:\/\/hakmeseguros.com.br\/index.php?rest_route=\/wp\/v2\/pages\/19\/revisions\/42"}],"wp:attachment":[{"href":"https:\/\/hakmeseguros.com.br\/index.php?rest_route=%2Fwp%2Fv2%2Fmedia&parent=19"}],"curies":[{"name":"wp","href":"https:\/\/api.w.org\/{rel}","templated":true}]}}